{"id":44,"date":"2026-01-16T12:05:56","date_gmt":"2026-01-16T12:05:56","guid":{"rendered":"https:\/\/itariye.fr\/?page_id=44"},"modified":"2026-01-16T12:47:44","modified_gmt":"2026-01-16T12:47:44","slug":"expositions","status":"publish","type":"page","link":"https:\/\/itariye.fr\/index.php\/expositions\/","title":{"rendered":"Expositions"},"content":{"rendered":"\n<h2 class=\"wp-block-heading\">En cours\/Upcoming<\/h2>\n\n\n\n<p class=\"wp-block-paragraph\">Exposition 2026 \u00e0 venir<\/p>\n\n\n\n<h2 class=\"wp-block-heading\">Pass\u00e9e<\/h2>\n\n\n\n<h4 class=\"wp-block-heading\">March\u00e9 de No\u00ebl \u2014 Feuille Blanche Caf\u00e9 Noir<\/h4>\n\n\n\n<p class=\"wp-block-paragraph\"><strong>D\u00e9cembre 2025 \u2013 3 dimanches festifs<\/strong><\/p>\n\n\n\n<p class=\"wp-block-paragraph\">Exposition-vente d\u2019\u0153uvres originales + tirages imprim\u00e9s (<em>A5 \u2013 A4 \u2013 A3<\/em>) ainsi que de la collection de Linogravure.<br>Id\u00e9al pour offrir un tableau unique, un tirage limit\u00e9 ou une carte illustr\u00e9e.<\/p>\n\n\n\n<figure class=\"wp-block-gallery has-nested-images columns-5 is-cropped wp-block-gallery-1 is-layout-flex wp-block-gallery-is-layout-flex\">\n<figure class=\"wp-block-image size-large\"><img decoding=\"async\" width=\"1024\" height=\"819\" data-id=\"27\" data-src=\"https:\/\/itariye.fr\/wp-content\/uploads\/2026\/01\/Itarire-9-1024x819.jpeg\" alt=\"\" class=\"wp-image-27 lazyload\" data-srcset=\"https:\/\/itariye.fr\/wp-content\/uploads\/2026\/01\/Itarire-9-1024x819.jpeg 1024w, https:\/\/itariye.fr\/wp-content\/uploads\/2026\/01\/Itarire-9-300x240.jpeg 300w, https:\/\/itariye.fr\/wp-content\/uploads\/2026\/01\/Itarire-9-768x614.jpeg 768w, https:\/\/itariye.fr\/wp-content\/uploads\/2026\/01\/Itarire-9.jpeg 1350w\" data-sizes=\"(max-width: 1024px) 100vw, 1024px\" src=\"data:image\/svg+xml;base64,PHN2ZyB3aWR0aD0iMSIgaGVpZ2h0PSIxIiB4bWxucz0iaHR0cDovL3d3dy53My5vcmcvMjAwMC9zdmciPjwvc3ZnPg==\" style=\"--smush-placeholder-width: 1024px; --smush-placeholder-aspect-ratio: 1024\/819;\" \/><\/figure>\n\n\n\n<figure class=\"wp-block-image size-large\"><img decoding=\"async\" width=\"1024\" height=\"808\" data-id=\"28\" data-src=\"https:\/\/itariye.fr\/wp-content\/uploads\/2026\/01\/Itarire-8-1024x808.jpeg\" alt=\"\" class=\"wp-image-28 lazyload\" data-srcset=\"https:\/\/itariye.fr\/wp-content\/uploads\/2026\/01\/Itarire-8-1024x808.jpeg 1024w, https:\/\/itariye.fr\/wp-content\/uploads\/2026\/01\/Itarire-8-300x237.jpeg 300w, https:\/\/itariye.fr\/wp-content\/uploads\/2026\/01\/Itarire-8-768x606.jpeg 768w, https:\/\/itariye.fr\/wp-content\/uploads\/2026\/01\/Itarire-8.jpeg 1350w\" data-sizes=\"(max-width: 1024px) 100vw, 1024px\" src=\"data:image\/svg+xml;base64,PHN2ZyB3aWR0aD0iMSIgaGVpZ2h0PSIxIiB4bWxucz0iaHR0cDovL3d3dy53My5vcmcvMjAwMC9zdmciPjwvc3ZnPg==\" style=\"--smush-placeholder-width: 1024px; --smush-placeholder-aspect-ratio: 1024\/808;\" \/><\/figure>\n\n\n\n<figure class=\"wp-block-image size-large\"><img decoding=\"async\" width=\"819\" height=\"1024\" data-id=\"26\" data-src=\"https:\/\/itariye.fr\/wp-content\/uploads\/2026\/01\/Itarire-10-819x1024.png\" alt=\"\" class=\"wp-image-26 lazyload\" data-srcset=\"https:\/\/itariye.fr\/wp-content\/uploads\/2026\/01\/Itarire-10-819x1024.png 819w, https:\/\/itariye.fr\/wp-content\/uploads\/2026\/01\/Itarire-10-240x300.png 240w, https:\/\/itariye.fr\/wp-content\/uploads\/2026\/01\/Itarire-10-768x960.png 768w, https:\/\/itariye.fr\/wp-content\/uploads\/2026\/01\/Itarire-10.png 1080w\" data-sizes=\"(max-width: 819px) 100vw, 819px\" src=\"data:image\/svg+xml;base64,PHN2ZyB3aWR0aD0iMSIgaGVpZ2h0PSIxIiB4bWxucz0iaHR0cDovL3d3dy53My5vcmcvMjAwMC9zdmciPjwvc3ZnPg==\" style=\"--smush-placeholder-width: 819px; --smush-placeholder-aspect-ratio: 819\/1024;\" \/><\/figure>\n\n\n\n<figure class=\"wp-block-image size-large\"><img decoding=\"async\" width=\"819\" height=\"1024\" data-id=\"23\" data-src=\"https:\/\/itariye.fr\/wp-content\/uploads\/2026\/01\/Itarire-13-819x1024.png\" alt=\"\" class=\"wp-image-23 lazyload\" data-srcset=\"https:\/\/itariye.fr\/wp-content\/uploads\/2026\/01\/Itarire-13-819x1024.png 819w, https:\/\/itariye.fr\/wp-content\/uploads\/2026\/01\/Itarire-13-240x300.png 240w, https:\/\/itariye.fr\/wp-content\/uploads\/2026\/01\/Itarire-13-768x960.png 768w, https:\/\/itariye.fr\/wp-content\/uploads\/2026\/01\/Itarire-13.png 1080w\" data-sizes=\"(max-width: 819px) 100vw, 819px\" src=\"data:image\/svg+xml;base64,PHN2ZyB3aWR0aD0iMSIgaGVpZ2h0PSIxIiB4bWxucz0iaHR0cDovL3d3dy53My5vcmcvMjAwMC9zdmciPjwvc3ZnPg==\" style=\"--smush-placeholder-width: 819px; --smush-placeholder-aspect-ratio: 819\/1024;\" \/><\/figure>\n\n\n\n<figure class=\"wp-block-image size-large\"><img decoding=\"async\" width=\"1024\" height=\"819\" data-id=\"21\" data-src=\"https:\/\/itariye.fr\/wp-content\/uploads\/2026\/01\/Itarire-15-1024x819.jpeg\" alt=\"\" class=\"wp-image-21 lazyload\" data-srcset=\"https:\/\/itariye.fr\/wp-content\/uploads\/2026\/01\/Itarire-15-1024x819.jpeg 1024w, https:\/\/itariye.fr\/wp-content\/uploads\/2026\/01\/Itarire-15-300x240.jpeg 300w, https:\/\/itariye.fr\/wp-content\/uploads\/2026\/01\/Itarire-15-768x614.jpeg 768w, https:\/\/itariye.fr\/wp-content\/uploads\/2026\/01\/Itarire-15.jpeg 1350w\" data-sizes=\"(max-width: 1024px) 100vw, 1024px\" src=\"data:image\/svg+xml;base64,PHN2ZyB3aWR0aD0iMSIgaGVpZ2h0PSIxIiB4bWxucz0iaHR0cDovL3d3dy53My5vcmcvMjAwMC9zdmciPjwvc3ZnPg==\" style=\"--smush-placeholder-width: 1024px; --smush-placeholder-aspect-ratio: 1024\/819;\" \/><\/figure>\n<\/figure>\n\n\n\n<div class=\"wp-block-buttons is-content-justification-center is-layout-flex wp-container-core-buttons-is-layout-3b210250 wp-block-buttons-is-layout-flex\">\n<div class=\"wp-block-button\"><a class=\"wp-block-button__link wp-element-button\" href=\"https:\/\/feuilleblanchecafenoir.com\/marche-de-noel-des-artistes-feuille-blanche-cafe-noir-paris-17\/\">en savoir plus<\/a><\/div>\n<\/div>\n\n\n\n<h3 class=\"wp-block-heading\">M\u00e9tamorphose \u2013 Mars-Septembre 2025 \u2013 Feuille Blanche, Caf\u00e9 Noir<\/h3>\n\n\n\n<p class=\"wp-block-paragraph\">\u00ab&nbsp;M\u00e9tamorphose&nbsp;\u00bb est ma premi\u00e8re exposition en duo avec Sarah. Nous y explorons les transformation du corps, du monde int\u00e9rieur et de la mani\u00e8re dont la f\u00e9minit\u00e9 se d\u00e9ploie, se d\u00e9construit et rena\u00eet.<\/p>\n\n\n\n<p class=\"wp-block-paragraph\">deux lieux, deux ambiances<\/p>\n\n\n\n<ul class=\"wp-block-list\">\n<li>Cachan : espace intimiste, un peu comme un salon, pr\u00e9mi\u00e8res pr\u00e9sentations publiques.<\/li>\n\n\n\n<li>Paris 17- Batignolles : exposition \u00e9tendue, plus de visibilit\u00e9, \u00e9volution des \u0153uvres au fils des mois<\/li>\n<\/ul>\n\n\n\n<p class=\"wp-block-paragraph\">Oeuvres pr\u00e9sent\u00e9es :<\/p>\n\n\n\n<ul class=\"wp-block-list\">\n<li>portraits f\u00e9minins en technique mixte<\/li>\n\n\n\n<li>collages floraux &amp; textures organiques<\/li>\n\n\n\n<li>peinture au couteau, couleurs vives, mati\u00e8res en relief<\/li>\n\n\n\n<li>une pi\u00e8ce commune repr\u00e9sentant une femme, m\u00e9lange de peinture, fleurs et feuilles coll\u00e9es<\/li>\n<\/ul>\n\n\n\n<blockquote class=\"wp-block-quote is-layout-flow wp-block-quote-is-layout-flow\">\n<p class=\"wp-block-paragraph\">\u00a0<em>M\u00e9tamorphose parle de renaissance, de pluralit\u00e9, de peau qu\u2019on quitte et qu\u2019on reconstruit.<br>Une exposition profond\u00e9ment f\u00e9ministe, intuitive, po\u00e9tique.<\/em><\/p>\n<\/blockquote>\n\n\n\n<figure class=\"wp-block-gallery has-nested-images columns-6 is-cropped wp-block-gallery-2 is-layout-flex wp-block-gallery-is-layout-flex\">\n<figure class=\"wp-block-image size-thumbnail\"><img decoding=\"async\" width=\"150\" height=\"150\" data-id=\"67\" data-src=\"https:\/\/itariye.fr\/wp-content\/uploads\/2026\/01\/7AA47E8A-873E-4768-AC22-F25887751713-150x150.png\" alt=\"\" class=\"wp-image-67 lazyload\" src=\"data:image\/svg+xml;base64,PHN2ZyB3aWR0aD0iMSIgaGVpZ2h0PSIxIiB4bWxucz0iaHR0cDovL3d3dy53My5vcmcvMjAwMC9zdmciPjwvc3ZnPg==\" style=\"--smush-placeholder-width: 150px; --smush-placeholder-aspect-ratio: 150\/150;\" \/><\/figure>\n\n\n\n<figure class=\"wp-block-image size-thumbnail\"><img decoding=\"async\" width=\"150\" height=\"150\" data-id=\"59\" data-src=\"https:\/\/itariye.fr\/wp-content\/uploads\/2026\/01\/IMG_4555-150x150.jpeg\" alt=\"\" class=\"wp-image-59 lazyload\" src=\"data:image\/svg+xml;base64,PHN2ZyB3aWR0aD0iMSIgaGVpZ2h0PSIxIiB4bWxucz0iaHR0cDovL3d3dy53My5vcmcvMjAwMC9zdmciPjwvc3ZnPg==\" style=\"--smush-placeholder-width: 150px; --smush-placeholder-aspect-ratio: 150\/150;\" \/><\/figure>\n\n\n\n<figure class=\"wp-block-image size-thumbnail\"><img decoding=\"async\" width=\"150\" height=\"150\" data-id=\"24\" data-src=\"https:\/\/itariye.fr\/wp-content\/uploads\/2026\/01\/Itarire-12-150x150.jpeg\" alt=\"\" class=\"wp-image-24 lazyload\" src=\"data:image\/svg+xml;base64,PHN2ZyB3aWR0aD0iMSIgaGVpZ2h0PSIxIiB4bWxucz0iaHR0cDovL3d3dy53My5vcmcvMjAwMC9zdmciPjwvc3ZnPg==\" style=\"--smush-placeholder-width: 150px; --smush-placeholder-aspect-ratio: 150\/150;\" \/><\/figure>\n\n\n\n<figure class=\"wp-block-image size-thumbnail\"><img decoding=\"async\" width=\"150\" height=\"150\" data-id=\"58\" data-src=\"https:\/\/itariye.fr\/wp-content\/uploads\/2026\/01\/IMG_4560-150x150.jpeg\" alt=\"\" class=\"wp-image-58 lazyload\" src=\"data:image\/svg+xml;base64,PHN2ZyB3aWR0aD0iMSIgaGVpZ2h0PSIxIiB4bWxucz0iaHR0cDovL3d3dy53My5vcmcvMjAwMC9zdmciPjwvc3ZnPg==\" style=\"--smush-placeholder-width: 150px; --smush-placeholder-aspect-ratio: 150\/150;\" \/><\/figure>\n\n\n\n<figure class=\"wp-block-image size-thumbnail\"><img decoding=\"async\" width=\"150\" height=\"150\" data-id=\"57\" data-src=\"https:\/\/itariye.fr\/wp-content\/uploads\/2026\/01\/IMG_4550-150x150.jpeg\" alt=\"\" class=\"wp-image-57 lazyload\" src=\"data:image\/svg+xml;base64,PHN2ZyB3aWR0aD0iMSIgaGVpZ2h0PSIxIiB4bWxucz0iaHR0cDovL3d3dy53My5vcmcvMjAwMC9zdmciPjwvc3ZnPg==\" style=\"--smush-placeholder-width: 150px; --smush-placeholder-aspect-ratio: 150\/150;\" \/><\/figure>\n\n\n\n<figure class=\"wp-block-image size-thumbnail\"><img decoding=\"async\" width=\"150\" height=\"150\" data-id=\"14\" data-src=\"https:\/\/itariye.fr\/wp-content\/uploads\/2026\/01\/Itarire-4-150x150.png\" alt=\"\" class=\"wp-image-14 lazyload\" src=\"data:image\/svg+xml;base64,PHN2ZyB3aWR0aD0iMSIgaGVpZ2h0PSIxIiB4bWxucz0iaHR0cDovL3d3dy53My5vcmcvMjAwMC9zdmciPjwvc3ZnPg==\" style=\"--smush-placeholder-width: 150px; --smush-placeholder-aspect-ratio: 150\/150;\" \/><\/figure>\n\n\n\n<figure class=\"wp-block-image size-thumbnail\"><img decoding=\"async\" width=\"150\" height=\"150\" data-id=\"60\" data-src=\"https:\/\/itariye.fr\/wp-content\/uploads\/2026\/01\/IMG_4568-150x150.jpeg\" alt=\"\" class=\"wp-image-60 lazyload\" src=\"data:image\/svg+xml;base64,PHN2ZyB3aWR0aD0iMSIgaGVpZ2h0PSIxIiB4bWxucz0iaHR0cDovL3d3dy53My5vcmcvMjAwMC9zdmciPjwvc3ZnPg==\" style=\"--smush-placeholder-width: 150px; --smush-placeholder-aspect-ratio: 150\/150;\" \/><\/figure>\n\n\n\n<figure class=\"wp-block-image size-thumbnail\"><img decoding=\"async\" width=\"150\" height=\"150\" data-id=\"68\" data-src=\"https:\/\/itariye.fr\/wp-content\/uploads\/2026\/01\/IMG_4552-150x150.png\" alt=\"\" class=\"wp-image-68 lazyload\" src=\"data:image\/svg+xml;base64,PHN2ZyB3aWR0aD0iMSIgaGVpZ2h0PSIxIiB4bWxucz0iaHR0cDovL3d3dy53My5vcmcvMjAwMC9zdmciPjwvc3ZnPg==\" style=\"--smush-placeholder-width: 150px; --smush-placeholder-aspect-ratio: 150\/150;\" \/><\/figure>\n\n\n\n<figure class=\"wp-block-image size-thumbnail\"><img decoding=\"async\" width=\"150\" height=\"150\" data-id=\"66\" data-src=\"https:\/\/itariye.fr\/wp-content\/uploads\/2026\/01\/523E3598-E646-473B-8C38-85CF85E4DB73-150x150.jpeg\" alt=\"\" class=\"wp-image-66 lazyload\" src=\"data:image\/svg+xml;base64,PHN2ZyB3aWR0aD0iMSIgaGVpZ2h0PSIxIiB4bWxucz0iaHR0cDovL3d3dy53My5vcmcvMjAwMC9zdmciPjwvc3ZnPg==\" style=\"--smush-placeholder-width: 150px; --smush-placeholder-aspect-ratio: 150\/150;\" \/><\/figure>\n\n\n\n<figure class=\"wp-block-image size-thumbnail\"><img decoding=\"async\" width=\"150\" height=\"150\" data-id=\"23\" data-src=\"https:\/\/itariye.fr\/wp-content\/uploads\/2026\/01\/Itarire-13-150x150.png\" alt=\"\" class=\"wp-image-23 lazyload\" src=\"data:image\/svg+xml;base64,PHN2ZyB3aWR0aD0iMSIgaGVpZ2h0PSIxIiB4bWxucz0iaHR0cDovL3d3dy53My5vcmcvMjAwMC9zdmciPjwvc3ZnPg==\" style=\"--smush-placeholder-width: 150px; --smush-placeholder-aspect-ratio: 150\/150;\" \/><\/figure>\n\n\n\n<figure class=\"wp-block-image size-thumbnail\"><img decoding=\"async\" width=\"150\" height=\"150\" data-id=\"10\" data-src=\"https:\/\/itariye.fr\/wp-content\/uploads\/2026\/01\/Itarire-5-150x150.png\" alt=\"\" class=\"wp-image-10 lazyload\" src=\"data:image\/svg+xml;base64,PHN2ZyB3aWR0aD0iMSIgaGVpZ2h0PSIxIiB4bWxucz0iaHR0cDovL3d3dy53My5vcmcvMjAwMC9zdmciPjwvc3ZnPg==\" style=\"--smush-placeholder-width: 150px; --smush-placeholder-aspect-ratio: 150\/150;\" \/><\/figure>\n\n\n\n<figure class=\"wp-block-image size-thumbnail\"><img decoding=\"async\" width=\"150\" height=\"150\" data-id=\"29\" data-src=\"https:\/\/itariye.fr\/wp-content\/uploads\/2026\/01\/Itarire-7-150x150.jpeg\" alt=\"\" class=\"wp-image-29 lazyload\" src=\"data:image\/svg+xml;base64,PHN2ZyB3aWR0aD0iMSIgaGVpZ2h0PSIxIiB4bWxucz0iaHR0cDovL3d3dy53My5vcmcvMjAwMC9zdmciPjwvc3ZnPg==\" style=\"--smush-placeholder-width: 150px; --smush-placeholder-aspect-ratio: 150\/150;\" \/><\/figure>\n<\/figure>\n\n\n\n<p class=\"wp-block-paragraph\"><\/p>\n","protected":false},"excerpt":{"rendered":"<p>En cours\/Upcoming Exposition 2026 \u00e0 venir Pass\u00e9e March\u00e9 de No\u00ebl \u2014 Feuille Blanche Caf\u00e9 Noir D\u00e9cembre 2025 \u2013 3 dimanches festifs Exposition-vente d\u2019\u0153uvres originales + tirages imprim\u00e9s (A5 \u2013 A4 \u2013 A3) ainsi que de la collection de Linogravure.Id\u00e9al pour offrir un tableau unique, un tirage limit\u00e9 ou une carte illustr\u00e9e. M\u00e9tamorphose \u2013 Mars-Septembre 2025 \u2013 Feuille Blanche, Caf\u00e9 Noir \u00ab&nbsp;M\u00e9tamorphose&nbsp;\u00bb est ma premi\u00e8re exposition en duo avec Sarah. Nous y explorons les transformation du corps, du monde int\u00e9rieur et de la mani\u00e8re dont la f\u00e9minit\u00e9 se d\u00e9ploie, se d\u00e9construit et rena\u00eet. deux lieux, deux ambiances Oeuvres pr\u00e9sent\u00e9es : \u00a0M\u00e9tamorphose parle [&hellip;]<\/p>\n","protected":false},"author":1,"featured_media":0,"parent":0,"menu_order":0,"comment_status":"closed","ping_status":"closed","template":"","meta":{"_crdt_document":"","footnotes":""},"class_list":["post-44","page","type-page","status-publish","hentry"],"yoast_head":"<!-- This site is optimized with the Yoast SEO plugin v26.9 - https:\/\/yoast.com\/product\/yoast-seo-wordpress\/ -->\n<title>Expositions - Itariye<\/title>\n<meta name=\"robots\" content=\"index, follow, max-snippet:-1, max-image-preview:large, max-video-preview:-1\" \/>\n<link rel=\"canonical\" href=\"https:\/\/itariye.fr\/index.php\/expositions\/\" \/>\n<meta property=\"og:locale\" content=\"fr_FR\" \/>\n<meta property=\"og:type\" content=\"article\" \/>\n<meta property=\"og:title\" content=\"Expositions - Itariye\" \/>\n<meta property=\"og:description\" content=\"En cours\/Upcoming Exposition 2026 \u00e0 venir Pass\u00e9e March\u00e9 de No\u00ebl \u2014 Feuille Blanche Caf\u00e9 Noir D\u00e9cembre 2025 \u2013 3 dimanches festifs Exposition-vente d\u2019\u0153uvres originales + tirages imprim\u00e9s (A5 \u2013 A4 \u2013 A3) ainsi que de la collection de Linogravure.Id\u00e9al pour offrir un tableau unique, un tirage limit\u00e9 ou une carte illustr\u00e9e. M\u00e9tamorphose \u2013 Mars-Septembre 2025 \u2013 Feuille Blanche, Caf\u00e9 Noir \u00ab&nbsp;M\u00e9tamorphose&nbsp;\u00bb est ma premi\u00e8re exposition en duo avec Sarah. Nous y explorons les transformation du corps, du monde int\u00e9rieur et de la mani\u00e8re dont la f\u00e9minit\u00e9 se d\u00e9ploie, se d\u00e9construit et rena\u00eet. deux lieux, deux ambiances Oeuvres pr\u00e9sent\u00e9es : \u00a0M\u00e9tamorphose parle [&hellip;]\" \/>\n<meta property=\"og:url\" content=\"https:\/\/itariye.fr\/index.php\/expositions\/\" \/>\n<meta property=\"og:site_name\" content=\"Itariye\" \/>\n<meta property=\"article:modified_time\" content=\"2026-01-16T12:47:44+00:00\" \/>\n<meta property=\"og:image\" content=\"https:\/\/itariye.fr\/wp-content\/uploads\/2026\/01\/Itarire-9-1024x819.jpeg\" \/>\n<meta name=\"twitter:card\" content=\"summary_large_image\" \/>\n<meta name=\"twitter:label1\" content=\"Dur\u00e9e de lecture estim\u00e9e\" \/>\n\t<meta name=\"twitter:data1\" content=\"1 minute\" \/>\n<script type=\"application\/ld+json\" class=\"yoast-schema-graph\">{\"@context\":\"https:\/\/schema.org\",\"@graph\":[{\"@type\":\"WebPage\",\"@id\":\"https:\/\/itariye.fr\/index.php\/expositions\/\",\"url\":\"https:\/\/itariye.fr\/index.php\/expositions\/\",\"name\":\"Expositions - Itariye\",\"isPartOf\":{\"@id\":\"https:\/\/itariye.fr\/#website\"},\"primaryImageOfPage\":{\"@id\":\"https:\/\/itariye.fr\/index.php\/expositions\/#primaryimage\"},\"image\":{\"@id\":\"https:\/\/itariye.fr\/index.php\/expositions\/#primaryimage\"},\"thumbnailUrl\":\"https:\/\/itariye.fr\/wp-content\/uploads\/2026\/01\/Itarire-9-1024x819.jpeg\",\"datePublished\":\"2026-01-16T12:05:56+00:00\",\"dateModified\":\"2026-01-16T12:47:44+00:00\",\"breadcrumb\":{\"@id\":\"https:\/\/itariye.fr\/index.php\/expositions\/#breadcrumb\"},\"inLanguage\":\"fr-FR\",\"potentialAction\":[{\"@type\":\"ReadAction\",\"target\":[\"https:\/\/itariye.fr\/index.php\/expositions\/\"]}]},{\"@type\":\"ImageObject\",\"inLanguage\":\"fr-FR\",\"@id\":\"https:\/\/itariye.fr\/index.php\/expositions\/#primaryimage\",\"url\":\"https:\/\/itariye.fr\/wp-content\/uploads\/2026\/01\/Itarire-9.jpeg\",\"contentUrl\":\"https:\/\/itariye.fr\/wp-content\/uploads\/2026\/01\/Itarire-9.jpeg\",\"width\":1350,\"height\":1080},{\"@type\":\"BreadcrumbList\",\"@id\":\"https:\/\/itariye.fr\/index.php\/expositions\/#breadcrumb\",\"itemListElement\":[{\"@type\":\"ListItem\",\"position\":1,\"name\":\"Home\",\"item\":\"https:\/\/itariye.fr\/\"},{\"@type\":\"ListItem\",\"position\":2,\"name\":\"Expositions\"}]},{\"@type\":\"WebSite\",\"@id\":\"https:\/\/itariye.fr\/#website\",\"url\":\"https:\/\/itariye.fr\/\",\"name\":\"Itariye\",\"description\":\"Artiste visuel mixte m\u00e9dia\",\"publisher\":{\"@id\":\"https:\/\/itariye.fr\/#\/schema\/person\/0545ffcc6ae4b5716ef0df294a224b10\"},\"potentialAction\":[{\"@type\":\"SearchAction\",\"target\":{\"@type\":\"EntryPoint\",\"urlTemplate\":\"https:\/\/itariye.fr\/?s={search_term_string}\"},\"query-input\":{\"@type\":\"PropertyValueSpecification\",\"valueRequired\":true,\"valueName\":\"search_term_string\"}}],\"inLanguage\":\"fr-FR\"},{\"@type\":[\"Person\",\"Organization\"],\"@id\":\"https:\/\/itariye.fr\/#\/schema\/person\/0545ffcc6ae4b5716ef0df294a224b10\",\"name\":\"admin8617\",\"image\":{\"@type\":\"ImageObject\",\"inLanguage\":\"fr-FR\",\"@id\":\"https:\/\/itariye.fr\/#\/schema\/person\/image\/\",\"url\":\"https:\/\/secure.gravatar.com\/avatar\/b19bbbb9cef02307369ec699426004d3fa3ef24c82a9500455018b05ba73a6a5?s=96&d=mm&r=g\",\"contentUrl\":\"https:\/\/secure.gravatar.com\/avatar\/b19bbbb9cef02307369ec699426004d3fa3ef24c82a9500455018b05ba73a6a5?s=96&d=mm&r=g\",\"caption\":\"admin8617\"},\"logo\":{\"@id\":\"https:\/\/itariye.fr\/#\/schema\/person\/image\/\"},\"sameAs\":[\"http:\/\/itariye.fr\",\"https:\/\/www.instagram.com\/itariye\"]}]}<\/script>\n<!-- \/ Yoast SEO plugin. -->","yoast_head_json":{"title":"Expositions - Itariye","robots":{"index":"index","follow":"follow","max-snippet":"max-snippet:-1","max-image-preview":"max-image-preview:large","max-video-preview":"max-video-preview:-1"},"canonical":"https:\/\/itariye.fr\/index.php\/expositions\/","og_locale":"fr_FR","og_type":"article","og_title":"Expositions - Itariye","og_description":"En cours\/Upcoming Exposition 2026 \u00e0 venir Pass\u00e9e March\u00e9 de No\u00ebl \u2014 Feuille Blanche Caf\u00e9 Noir D\u00e9cembre 2025 \u2013 3 dimanches festifs Exposition-vente d\u2019\u0153uvres originales + tirages imprim\u00e9s (A5 \u2013 A4 \u2013 A3) ainsi que de la collection de Linogravure.Id\u00e9al pour offrir un tableau unique, un tirage limit\u00e9 ou une carte illustr\u00e9e. M\u00e9tamorphose \u2013 Mars-Septembre 2025 \u2013 Feuille Blanche, Caf\u00e9 Noir \u00ab&nbsp;M\u00e9tamorphose&nbsp;\u00bb est ma premi\u00e8re exposition en duo avec Sarah. Nous y explorons les transformation du corps, du monde int\u00e9rieur et de la mani\u00e8re dont la f\u00e9minit\u00e9 se d\u00e9ploie, se d\u00e9construit et rena\u00eet. deux lieux, deux ambiances Oeuvres pr\u00e9sent\u00e9es : \u00a0M\u00e9tamorphose parle [&hellip;]","og_url":"https:\/\/itariye.fr\/index.php\/expositions\/","og_site_name":"Itariye","article_modified_time":"2026-01-16T12:47:44+00:00","og_image":[{"url":"https:\/\/itariye.fr\/wp-content\/uploads\/2026\/01\/Itarire-9-1024x819.jpeg","type":"","width":"","height":""}],"twitter_card":"summary_large_image","twitter_misc":{"Dur\u00e9e de lecture estim\u00e9e":"1 minute"},"schema":{"@context":"https:\/\/schema.org","@graph":[{"@type":"WebPage","@id":"https:\/\/itariye.fr\/index.php\/expositions\/","url":"https:\/\/itariye.fr\/index.php\/expositions\/","name":"Expositions - Itariye","isPartOf":{"@id":"https:\/\/itariye.fr\/#website"},"primaryImageOfPage":{"@id":"https:\/\/itariye.fr\/index.php\/expositions\/#primaryimage"},"image":{"@id":"https:\/\/itariye.fr\/index.php\/expositions\/#primaryimage"},"thumbnailUrl":"https:\/\/itariye.fr\/wp-content\/uploads\/2026\/01\/Itarire-9-1024x819.jpeg","datePublished":"2026-01-16T12:05:56+00:00","dateModified":"2026-01-16T12:47:44+00:00","breadcrumb":{"@id":"https:\/\/itariye.fr\/index.php\/expositions\/#breadcrumb"},"inLanguage":"fr-FR","potentialAction":[{"@type":"ReadAction","target":["https:\/\/itariye.fr\/index.php\/expositions\/"]}]},{"@type":"ImageObject","inLanguage":"fr-FR","@id":"https:\/\/itariye.fr\/index.php\/expositions\/#primaryimage","url":"https:\/\/itariye.fr\/wp-content\/uploads\/2026\/01\/Itarire-9.jpeg","contentUrl":"https:\/\/itariye.fr\/wp-content\/uploads\/2026\/01\/Itarire-9.jpeg","width":1350,"height":1080},{"@type":"BreadcrumbList","@id":"https:\/\/itariye.fr\/index.php\/expositions\/#breadcrumb","itemListElement":[{"@type":"ListItem","position":1,"name":"Home","item":"https:\/\/itariye.fr\/"},{"@type":"ListItem","position":2,"name":"Expositions"}]},{"@type":"WebSite","@id":"https:\/\/itariye.fr\/#website","url":"https:\/\/itariye.fr\/","name":"Itariye","description":"Artiste visuel mixte m\u00e9dia","publisher":{"@id":"https:\/\/itariye.fr\/#\/schema\/person\/0545ffcc6ae4b5716ef0df294a224b10"},"potentialAction":[{"@type":"SearchAction","target":{"@type":"EntryPoint","urlTemplate":"https:\/\/itariye.fr\/?s={search_term_string}"},"query-input":{"@type":"PropertyValueSpecification","valueRequired":true,"valueName":"search_term_string"}}],"inLanguage":"fr-FR"},{"@type":["Person","Organization"],"@id":"https:\/\/itariye.fr\/#\/schema\/person\/0545ffcc6ae4b5716ef0df294a224b10","name":"admin8617","image":{"@type":"ImageObject","inLanguage":"fr-FR","@id":"https:\/\/itariye.fr\/#\/schema\/person\/image\/","url":"https:\/\/secure.gravatar.com\/avatar\/b19bbbb9cef02307369ec699426004d3fa3ef24c82a9500455018b05ba73a6a5?s=96&d=mm&r=g","contentUrl":"https:\/\/secure.gravatar.com\/avatar\/b19bbbb9cef02307369ec699426004d3fa3ef24c82a9500455018b05ba73a6a5?s=96&d=mm&r=g","caption":"admin8617"},"logo":{"@id":"https:\/\/itariye.fr\/#\/schema\/person\/image\/"},"sameAs":["http:\/\/itariye.fr","https:\/\/www.instagram.com\/itariye"]}]}},"_links":{"self":[{"href":"https:\/\/itariye.fr\/index.php\/wp-json\/wp\/v2\/pages\/44","targetHints":{"allow":["GET"]}}],"collection":[{"href":"https:\/\/itariye.fr\/index.php\/wp-json\/wp\/v2\/pages"}],"about":[{"href":"https:\/\/itariye.fr\/index.php\/wp-json\/wp\/v2\/types\/page"}],"author":[{"embeddable":true,"href":"https:\/\/itariye.fr\/index.php\/wp-json\/wp\/v2\/users\/1"}],"replies":[{"embeddable":true,"href":"https:\/\/itariye.fr\/index.php\/wp-json\/wp\/v2\/comments?post=44"}],"version-history":[{"count":6,"href":"https:\/\/itariye.fr\/index.php\/wp-json\/wp\/v2\/pages\/44\/revisions"}],"predecessor-version":[{"id":70,"href":"https:\/\/itariye.fr\/index.php\/wp-json\/wp\/v2\/pages\/44\/revisions\/70"}],"wp:attachment":[{"href":"https:\/\/itariye.fr\/index.php\/wp-json\/wp\/v2\/media?parent=44"}],"curies":[{"name":"wp","href":"https:\/\/api.w.org\/{rel}","templated":true}]}}